
{"id":3450,"date":"2022-12-22T18:15:50","date_gmt":"2022-12-22T18:15:50","guid":{"rendered":"https:\/\/financiallawinstitute.ugent.be\/?page_id=3450"},"modified":"2023-01-27T14:18:01","modified_gmt":"2023-01-27T14:18:01","slug":"fli-notes","status":"publish","type":"page","link":"https:\/\/financiallawinstitute.ugent.be\/index.php\/fli-notes\/","title":{"rendered":"FLI Notes"},"content":{"rendered":"\n<div class=\"row\" style=\"width: 100%;\">\n<div class=\"col-12\" style=\"height: 20px; line-height: 20px;\">\n<h5><a href=\"#current-year\">Current Year<\/a> | <a href=\"#last-year\">Last Year<\/a><\/h5><\/div>\n<\/div>\n\n\n\n<hr class=\"wp-block-separator\"\/>\n\n\n\n<div class=\"row\" style=\"width: 100%;\">\n<div class=\"col-4\">\n\t<h2>Latest FLI Notes<\/h2>\n\t<\/div>\n<div class=\"col-8\">\n<form id='wpes-form-3044' role=\"search\" method=\"get\" class=\"search-form \" action=\"https:\/\/financiallawinstitute.ugent.be\/\">\n\t\t<label>\n\t\t    <span class=\"screen-reader-text\">Search for:<\/span>\n\t\t    <input type=\"search\" class=\"search-field \" placeholder=\"Search &hellip;\" value=\"\" name=\"s\" \/>\n\t\t<\/label>\n\t\t<input type=\"submit\" class=\"search-submit \" value=\"Search\" \/><input type='hidden' value='3044' name='wpessid' \/><\/form><\/div>\n<\/div>\n\n<h4 id=\"current-year\" style=\"background: #e9f0fa !important;\n    padding: .5em 1em;\">Current year<\/h4>\n\n\n<div class=\"display-posts-listing grid\"><div class=\"publicationBoundingBox\" style=\"flex-direction: column;\"><div class=\"container\"><div class='publicationFirstBlock'><a href='https:\/\/financiallawinstitute.ugent.be\/index.php\/mymember\/noor-mendonck\/'>Noor Mendonck<\/a><div class='break'><\/div><p class='bookName'> Sectoral insolvency frameworks: Why certain sectors require tailored approaches <\/p><p class='subtitle'>  <\/p><div class='hideContent pubContent'><\/div>  <div class=\"show-more\">\n        \t<a id=\"pubsShowMore\" href=\"#\">Show more<\/a>\n    \t<\/div><\/div><\/div><a href=https:\/\/financiallawinstitute.ugent.be\/wp-content\/uploads\/2025\/11\/Note_Noor-Mendonck_2025-11.pdf><button style=\"width:100px; margin: 10px;\" class=\"btn\"><i class=\"fa fa-download\"><\/i> Download<\/button><\/a><\/div>\t\n\n\n\n<script type=\"text\/javascript\">\n  jQuery(function($) {\n   $(\".show-more a\").on(\"click\", function() {\n    var $this = $(this); \n    var $content = $this.parent().prev(\".pubContent\");\n    var linkText = $this.text().toUpperCase();    \n\n    if(linkText === \"SHOW MORE\"){\n        linkText = \"Show less\";\n        $content.addClass('showContent').removeClass('hideContent');\n    } else {\n        linkText = \"Show more\";\n        $content.addClass('hideContent').removeClass('showContent');\n    };\n\n    $this.text(linkText);\n});\n  });\n<\/script><div class=\"publicationBoundingBox\" style=\"flex-direction: column;\"><div class=\"container\"><div class='publicationFirstBlock'><a href='https:\/\/financiallawinstitute.ugent.be\/index.php\/mymember\/gauthier-vandenbossche\/'>Gauthier Vandenbossche<\/a><div class='break'><\/div><p class='bookName'> Bye bye curator? <\/p><p class='subtitle'>  <\/p><div class='hideContent pubContent'><\/div>  <div class=\"show-more\">\n        \t<a id=\"pubsShowMore\" href=\"#\">Show more<\/a>\n    \t<\/div><\/div><\/div><a href=https:\/\/financiallawinstitute.ugent.be\/wp-content\/uploads\/2024\/04\/FLI-Note_2024-3.pdf><button style=\"width:100px; margin: 10px;\" class=\"btn\"><i class=\"fa fa-download\"><\/i> Download<\/button><\/a><\/div>\t\n\n\n\n<script type=\"text\/javascript\">\n  jQuery(function($) {\n   $(\".show-more a\").on(\"click\", function() {\n    var $this = $(this); \n    var $content = $this.parent().prev(\".pubContent\");\n    var linkText = $this.text().toUpperCase();    \n\n    if(linkText === \"SHOW MORE\"){\n        linkText = \"Show less\";\n        $content.addClass('showContent').removeClass('hideContent');\n    } else {\n        linkText = \"Show more\";\n        $content.addClass('hideContent').removeClass('showContent');\n    };\n\n    $this.text(linkText);\n});\n  });\n<\/script><div class=\"publicationBoundingBox\" style=\"flex-direction: column;\"><div class=\"container\"><div class='publicationFirstBlock'><a href='https:\/\/financiallawinstitute.ugent.be\/index.php\/mymember\/hans-de-wulf\/'>Hans De Wulf<\/a><div class='break'><\/div><p class='bookName'> Climate litigation against private companies <\/p><p class='subtitle'>  <\/p><div class='hideContent pubContent'><\/div>  <div class=\"show-more\">\n        \t<a id=\"pubsShowMore\" href=\"#\">Show more<\/a>\n    \t<\/div><\/div><\/div><a href=https:\/\/financiallawinstitute.ugent.be\/wp-content\/uploads\/2024\/01\/FLI-Note_2024-2.pdf><button style=\"width:100px; margin: 10px;\" class=\"btn\"><i class=\"fa fa-download\"><\/i> Download<\/button><\/a><\/div>\t\n\n\n\n<script type=\"text\/javascript\">\n  jQuery(function($) {\n   $(\".show-more a\").on(\"click\", function() {\n    var $this = $(this); \n    var $content = $this.parent().prev(\".pubContent\");\n    var linkText = $this.text().toUpperCase();    \n\n    if(linkText === \"SHOW MORE\"){\n        linkText = \"Show less\";\n        $content.addClass('showContent').removeClass('hideContent');\n    } else {\n        linkText = \"Show more\";\n        $content.addClass('hideContent').removeClass('showContent');\n    };\n\n    $this.text(linkText);\n});\n  });\n<\/script><div class=\"publicationBoundingBox\" style=\"flex-direction: column;\"><div class=\"container\"><div class='publicationFirstBlock'><a href='https:\/\/financiallawinstitute.ugent.be\/index.php\/mymember\/hans-de-wulf\/'>Hans De Wulf<\/a><div class='break'><\/div><p class='bookName'> La r\u00e9forme (2019) du droit belge des soci\u00e9t\u00e9s: strat\u00e9gies et philosophies <\/p><p class='subtitle'>  <\/p><div class='hideContent pubContent'><\/div>  <div class=\"show-more\">\n        \t<a id=\"pubsShowMore\" href=\"#\">Show more<\/a>\n    \t<\/div><\/div><\/div><a href=https:\/\/financiallawinstitute.ugent.be\/wp-content\/uploads\/2024\/01\/FLI-Note_2024-1.pptx><button style=\"width:100px; margin: 10px;\" class=\"btn\"><i class=\"fa fa-download\"><\/i> Download<\/button><\/a><\/div>\t\n\n\n\n<script type=\"text\/javascript\">\n  jQuery(function($) {\n   $(\".show-more a\").on(\"click\", function() {\n    var $this = $(this); \n    var $content = $this.parent().prev(\".pubContent\");\n    var linkText = $this.text().toUpperCase();    \n\n    if(linkText === \"SHOW MORE\"){\n        linkText = \"Show less\";\n        $content.addClass('showContent').removeClass('hideContent');\n    } else {\n        linkText = \"Show more\";\n        $content.addClass('hideContent').removeClass('showContent');\n    };\n\n    $this.text(linkText);\n});\n  });\n<\/script><div class=\"publicationBoundingBox\" style=\"flex-direction: column;\"><div class=\"container\"><div class='publicationFirstBlock'><a href='https:\/\/financiallawinstitute.ugent.be\/index.php\/mymember\/hans-de-wulf\/'>Hans De Wulf<\/a><a>, <\/a><a href='https:\/\/financiallawinstitute.ugent.be\/index.php\/mymember\/diederik-bruloot\/'>Diederik Bruloot<\/a><div class='break'><\/div><p class='bookName'> Toelichtende nota: De positie van de kapitaalhouder bij herstructurering en de afstemming van de bepalingen van boek XX WER over de herstructureringen op het WVV <\/p><p class='subtitle'>  <\/p><div class='hideContent pubContent'><p><!-- wp:paragraph --><\/p>\n<p>De wisselwerking tussen het nieuwe herstructureringskader in Boek XX WER en het vennootschapsrecht leidt tot vragen in de praktijk. Daarom heeft een aantal specialisten in het vennootschaps- en\/of insolventierecht, waaronder FLI-leden Diederik Bruloot en Hans De Wulf, het idee opgevat om in de schoot van het Belgisch centrum voor vennootschapsrecht - Centre belge du droit des soci\u00e9t\u00e9s een toelichtende nota op te stellen die de praktijk richting kan geven bij de eerste toepassingen van de nieuwe herstructureringswetgeving.<\/p>\n<p><!-- \/wp:paragraph --><\/p>\n<\/div>  <div class=\"show-more\">\n        \t<a id=\"pubsShowMore\" href=\"#\">Show more<\/a>\n    \t<\/div><\/div><\/div><a href=https:\/\/financiallawinstitute.ugent.be\/wp-content\/uploads\/2023\/09\/FLI-Note_2023-5.pdf><button style=\"width:100px; margin: 10px;\" class=\"btn\"><i class=\"fa fa-download\"><\/i> Download<\/button><\/a><\/div>\t\n\n\n\n<script type=\"text\/javascript\">\n  jQuery(function($) {\n   $(\".show-more a\").on(\"click\", function() {\n    var $this = $(this); \n    var $content = $this.parent().prev(\".pubContent\");\n    var linkText = $this.text().toUpperCase();    \n\n    if(linkText === \"SHOW MORE\"){\n        linkText = \"Show less\";\n        $content.addClass('showContent').removeClass('hideContent');\n    } else {\n        linkText = \"Show more\";\n        $content.addClass('hideContent').removeClass('showContent');\n    };\n\n    $this.text(linkText);\n});\n  });\n<\/script><div class=\"publicationBoundingBox\" style=\"flex-direction: column;\"><div class=\"container\"><div class='publicationFirstBlock'><a href='https:\/\/financiallawinstitute.ugent.be\/index.php\/mymember\/hans-de-wulf\/'>Hans De Wulf<\/a><a>, <\/a><a href='https:\/\/financiallawinstitute.ugent.be\/index.php\/mymember\/jan-cerfontaine\/'>Jan Cerfontaine<\/a><div class='break'><\/div><p class='bookName'> Independent Directors Controlling Shareholders <\/p><p class='subtitle'>  <\/p><div class='hideContent pubContent'><p><!-- wp:paragraph --><\/p>\n<p>These are the slides accompanying a presentation given by Jan Cerfontaine and Hans De Wulf, at the \u201cListed Companies day\u201d organized by Guberna and VOB-FEB in November 2022. They argue that regulators, governance codes, supervisory authorities rely too much, in a system with controlling shareholders like the Belgian one, on independent directors to solve governance problems. If independent directors are to play the role envisaged by these governance authorities, changes to both mandatory statutory corporate law and to Belgian board culture are required.<\/p>\n<p><!-- \/wp:paragraph --><\/p>\n<\/div>  <div class=\"show-more\">\n        \t<a id=\"pubsShowMore\" href=\"#\">Show more<\/a>\n    \t<\/div><\/div><\/div><a href=https:\/\/financiallawinstitute.ugent.be\/wp-content\/uploads\/2023\/02\/FLI-Note_2023-4.pptx><button style=\"width:100px; margin: 10px;\" class=\"btn\"><i class=\"fa fa-download\"><\/i> Download<\/button><\/a><\/div>\t\n\n\n\n<script type=\"text\/javascript\">\n  jQuery(function($) {\n   $(\".show-more a\").on(\"click\", function() {\n    var $this = $(this); \n    var $content = $this.parent().prev(\".pubContent\");\n    var linkText = $this.text().toUpperCase();    \n\n    if(linkText === \"SHOW MORE\"){\n        linkText = \"Show less\";\n        $content.addClass('showContent').removeClass('hideContent');\n    } else {\n        linkText = \"Show more\";\n        $content.addClass('hideContent').removeClass('showContent');\n    };\n\n    $this.text(linkText);\n});\n  });\n<\/script><div class=\"publicationBoundingBox\" style=\"flex-direction: column;\"><div class=\"container\"><div class='publicationFirstBlock'><a href='https:\/\/financiallawinstitute.ugent.be\/index.php\/mymember\/julie-goetghebuer\/'>Julie Goetghebuer<\/a><div class='break'><\/div><p class='bookName'> Het gebruik van AI bij de kredietwaardigheidsbeoordeling: toelaatbaarheid en aansprakelijkheid <\/p><p class='subtitle'>  <\/p><div class='hideContent pubContent'><\/div>  <div class=\"show-more\">\n        \t<a id=\"pubsShowMore\" href=\"#\">Show more<\/a>\n    \t<\/div><\/div><\/div><a href=https:\/\/financiallawinstitute.ugent.be\/wp-content\/uploads\/2023\/02\/FLI-Note_2023-3.pdf><button style=\"width:100px; margin: 10px;\" class=\"btn\"><i class=\"fa fa-download\"><\/i> Download<\/button><\/a><\/div>\t\n\n\n\n<script type=\"text\/javascript\">\n  jQuery(function($) {\n   $(\".show-more a\").on(\"click\", function() {\n    var $this = $(this); \n    var $content = $this.parent().prev(\".pubContent\");\n    var linkText = $this.text().toUpperCase();    \n\n    if(linkText === \"SHOW MORE\"){\n        linkText = \"Show less\";\n        $content.addClass('showContent').removeClass('hideContent');\n    } else {\n        linkText = \"Show more\";\n        $content.addClass('hideContent').removeClass('showContent');\n    };\n\n    $this.text(linkText);\n});\n  });\n<\/script><div class=\"publicationBoundingBox\" style=\"flex-direction: column;\"><div class=\"container\"><div class='publicationFirstBlock'><a href='https:\/\/financiallawinstitute.ugent.be\/index.php\/mymember\/floris-mertens\/'>Floris Mertens<\/a><div class='break'><\/div><p class='bookName'> Het gebruik van AI in het bestuur van vennootschappen <\/p><p class='subtitle'>  <\/p><div class='hideContent pubContent'><\/div>  <div class=\"show-more\">\n        \t<a id=\"pubsShowMore\" href=\"#\">Show more<\/a>\n    \t<\/div><\/div><\/div><a href=https:\/\/financiallawinstitute.ugent.be\/wp-content\/uploads\/2023\/02\/FLI-Note_2023-2.pdf><button style=\"width:100px; margin: 10px;\" class=\"btn\"><i class=\"fa fa-download\"><\/i> Download<\/button><\/a><\/div>\t\n\n\n\n<script type=\"text\/javascript\">\n  jQuery(function($) {\n   $(\".show-more a\").on(\"click\", function() {\n    var $this = $(this); \n    var $content = $this.parent().prev(\".pubContent\");\n    var linkText = $this.text().toUpperCase();    \n\n    if(linkText === \"SHOW MORE\"){\n        linkText = \"Show less\";\n        $content.addClass('showContent').removeClass('hideContent');\n    } else {\n        linkText = \"Show more\";\n        $content.addClass('hideContent').removeClass('showContent');\n    };\n\n    $this.text(linkText);\n});\n  });\n<\/script><div class=\"publicationBoundingBox\" style=\"flex-direction: column;\"><div class=\"container\"><div class='publicationFirstBlock'><a href='https:\/\/financiallawinstitute.ugent.be\/index.php\/mymember\/hans-de-wulf\/'>Hans De Wulf<\/a><div class='break'><\/div><p class='bookName'> CSRD en CSDDD <\/p><p class='subtitle'>  <\/p><div class='hideContent pubContent'><\/div>  <div class=\"show-more\">\n        \t<a id=\"pubsShowMore\" href=\"#\">Show more<\/a>\n    \t<\/div><\/div><\/div><a href=https:\/\/financiallawinstitute.ugent.be\/wp-content\/uploads\/2023\/01\/FLI-Note_2023-1.pptx><button style=\"width:100px; margin: 10px;\" class=\"btn\"><i class=\"fa fa-download\"><\/i> Download<\/button><\/a><\/div>\t\n\n\n\n<script type=\"text\/javascript\">\n  jQuery(function($) {\n   $(\".show-more a\").on(\"click\", function() {\n    var $this = $(this); \n    var $content = $this.parent().prev(\".pubContent\");\n    var linkText = $this.text().toUpperCase();    \n\n    if(linkText === \"SHOW MORE\"){\n        linkText = \"Show less\";\n        $content.addClass('showContent').removeClass('hideContent');\n    } else {\n        linkText = \"Show more\";\n        $content.addClass('hideContent').removeClass('showContent');\n    };\n\n    $this.text(linkText);\n});\n  });\n<\/script><\/div>\n\n\n\n<p><h4 id=\"last-year\" style=\"background: #e9f0fa !important;\n    padding: .5em 1em;\">Last year<\/h4><\/p>\n\n\n\n\n\n\n<p><\/p>\n\n\n\n<p><\/p>\n","protected":false},"excerpt":{"rendered":"<p>Current Year | Last Year Latest FLI Notes Current year Last year<\/p>\n","protected":false},"author":3,"featured_media":0,"parent":0,"menu_order":0,"comment_status":"closed","ping_status":"closed","template":"fullwidth.php","meta":{"inline_featured_image":false,"footnotes":""},"class_list":["post-3450","page","type-page","status-publish","hentry"],"_links":{"self":[{"href":"https:\/\/financiallawinstitute.ugent.be\/index.php\/wp-json\/wp\/v2\/pages\/3450","targetHints":{"allow":["GET"]}}],"collection":[{"href":"https:\/\/financiallawinstitute.ugent.be\/index.php\/wp-json\/wp\/v2\/pages"}],"about":[{"href":"https:\/\/financiallawinstitute.ugent.be\/index.php\/wp-json\/wp\/v2\/types\/page"}],"author":[{"embeddable":true,"href":"https:\/\/financiallawinstitute.ugent.be\/index.php\/wp-json\/wp\/v2\/users\/3"}],"replies":[{"embeddable":true,"href":"https:\/\/financiallawinstitute.ugent.be\/index.php\/wp-json\/wp\/v2\/comments?post=3450"}],"version-history":[{"count":6,"href":"https:\/\/financiallawinstitute.ugent.be\/index.php\/wp-json\/wp\/v2\/pages\/3450\/revisions"}],"predecessor-version":[{"id":3639,"href":"https:\/\/financiallawinstitute.ugent.be\/index.php\/wp-json\/wp\/v2\/pages\/3450\/revisions\/3639"}],"wp:attachment":[{"href":"https:\/\/financiallawinstitute.ugent.be\/index.php\/wp-json\/wp\/v2\/media?parent=3450"}],"curies":[{"name":"wp","href":"https:\/\/api.w.org\/{rel}","templated":true}]}}