
{"id":3467,"date":"2023-01-22T18:14:19","date_gmt":"2023-01-22T18:14:19","guid":{"rendered":"https:\/\/financiallawinstitute.ugent.be\/?page_id=3467"},"modified":"2023-01-27T14:06:19","modified_gmt":"2023-01-27T14:06:19","slug":"financial-law-institute","status":"publish","type":"page","link":"https:\/\/financiallawinstitute.ugent.be\/","title":{"rendered":"FINANCIAL LAW INSTITUTE"},"content":{"rendered":"\n<hr class=\"wp-block-separator fli-sub-title-separator\"\/>\n\n\n\n<div class=\"wp-block-columns home-row-fli is-layout-flex wp-container-core-columns-is-layout-9d6595d7 wp-block-columns-is-layout-flex\"><\/div>\n\n\n\n<div class=\"wp-block-columns home-row-fli is-layout-flex wp-container-core-columns-is-layout-9d6595d7 wp-block-columns-is-layout-flex\">\n<div class=\"wp-block-column home-block-fli-3-copy pb-30 is-layout-flow wp-block-column-is-layout-flow\">\n<h2 class=\"has-text-color wp-block-heading\" style=\"color:#1e64c8\">Latest Working Papers<\/h2>\n\n\n<div class=\"display-posts-listing\"><div class=\"listing-item\"><a class=\"title\" href=\"https:\/\/financiallawinstitute.ugent.be\/index.php\/wps\/ngos-and-other-stakeholders-groups-influence-as-participants-in-agms\/\">NGOs and Other Stakeholders Groups\u2019 Influence as Participants in AGMs<\/a><\/div><div class=\"listing-item\"><a class=\"title\" href=\"https:\/\/financiallawinstitute.ugent.be\/index.php\/wps\/voluntary-delisting-and-shareholder-protection-from-a-corporate-law-perspective\/\">Voluntary Delisting and Shareholder Protection from a Corporate Law Perspective<\/a><\/div><div class=\"listing-item\"><a class=\"title\" href=\"https:\/\/financiallawinstitute.ugent.be\/index.php\/wps\/de-benoeming-van-de-commissaris-door-de-algemene-vergadering-van-aandeelhouders-van-genoteerde-vennootschappen-in-contextueel-perspectief\/\">De benoeming van de commissaris door de algemene vergadering van aandeelhouders van genoteerde vennootschappen in contextueel perspectief<\/a><\/div><div class=\"listing-item\"><a class=\"title\" href=\"https:\/\/financiallawinstitute.ugent.be\/index.php\/wps\/de-vernieuwde-procedure-van-gerechtelijke-reorganisatie-de-gemeenschappelijke-bepalingen-en-de-procedure-voor-kmos\/\">De vernieuwde procedure van gerechtelijke reorganisatie: de gemeenschappelijke bepalingen en de procedure voor kmo\u2019s<\/a><\/div><div class=\"listing-item\"><a class=\"title\" href=\"https:\/\/financiallawinstitute.ugent.be\/index.php\/wps\/the-shell-climate-litigation-before-the-court-of-appeal\/\">The Shell climate litigation before the court of appeal<\/a><\/div><\/div>\n<\/div>\n\n\n\n<div class=\"wp-block-column home-block-fli-3-copy is-layout-flow wp-block-column-is-layout-flow\">\n<h2 class=\"has-text-color wp-block-heading\" style=\"color:#1e64c8\">Latest FLI Notes<\/h2>\n\n\n<div class=\"display-posts-listing\"><div class=\"listing-item\"><a class=\"title\" href=\"https:\/\/financiallawinstitute.ugent.be\/index.php\/rd\/sectoral-insolvency-frameworks-why-certain-sectors-require-tailored-approaches\/\">Sectoral insolvency frameworks: Why certain sectors require tailored approaches<\/a><\/div><div class=\"listing-item\"><a class=\"title\" href=\"https:\/\/financiallawinstitute.ugent.be\/index.php\/rd\/bye-bye-curator\/\">Bye bye curator?<\/a><\/div><div class=\"listing-item\"><a class=\"title\" href=\"https:\/\/financiallawinstitute.ugent.be\/index.php\/rd\/climate-litigation-against-private-companies\/\">Climate litigation against private companies<\/a><\/div><div class=\"listing-item\"><a class=\"title\" href=\"https:\/\/financiallawinstitute.ugent.be\/index.php\/rd\/la-reforme-2019-du-droit-belge-des-societes-strategies-et-philosophies\/\">La r\u00e9forme (2019) du droit belge des soci\u00e9t\u00e9s: strat\u00e9gies et philosophies<\/a><\/div><div class=\"listing-item\"><a class=\"title\" href=\"https:\/\/financiallawinstitute.ugent.be\/index.php\/rd\/toelichtende-nota-de-positie-van-de-kapitaalhouder-bij-herstructurering-en-de-afstemming-van-de-bepalingen-van-boek-xx-wer-over-de-herstructureringen-op-het-wvv\/\">Toelichtende nota: De positie van de kapitaalhouder bij herstructurering en de afstemming van de bepalingen van boek XX WER over de herstructureringen op het WVV<\/a><\/div><\/div>\n<\/div>\n\n\n\n<div class=\"wp-block-column ml-15 is-layout-flow wp-block-column-is-layout-flow\">\n<h4 class=\"has-text-align-center center-heading mail-button-home has-text-color wp-block-heading\" style=\"color:#1e64c8\"><a id=\"sub-mail-link\" href=\"\/index.php\/contact\/\">Subscribe to our mailing list<\/a><\/h4>\n\n\n\n<h4 class=\"has-text-align-center center-heading linkedin-button-home has-text-color wp-block-heading\" style=\"color:#1e64c8\"><a href=\"https:\/\/www.linkedin.com\/company\/financial-law-institute\/\" data-type=\"URL\" data-id=\"https:\/\/www.linkedin.com\/company\/financial-law-institute\/\">Follow the FLI on LinkedIn<\/a><\/h4>\n<\/div>\n<\/div>\n\n\n\n<hr class=\"wp-block-separator invisible-seperator\"\/>\n\n\n\n<div class=\"wp-block-columns is-layout-flex wp-container-core-columns-is-layout-9d6595d7 wp-block-columns-is-layout-flex\">\n<div class=\"wp-block-column home-block-fli-3-copy book-pub-block is-layout-flow wp-block-column-is-layout-flow\">\n<h2 class=\"has-text-color wp-block-heading\" style=\"color:#1e64c8\">Latest Book Publication<\/h2>\n\n\n<ul class=\"display-posts-listing\">\t<div class=\"row\">\n\t\t<div class=\"col-md-2\">\n\t\t\t<div class=\"homeImgContainer\">\n\t\t\t\t<img src='https:\/\/financiallawinstitute.ugent.be\/wp-content\/uploads\/2025\/11\/Cover_Louis-De-Meulemeester-scaled.png' > \n\t\t\t<\/div>\n\t\t<\/div>\n\t\t<div class=\"col-md-10\">\n\t\t\t<div class=\"homePubTitle\">\n\t\t\t\t\n\t\t\t\t<p>\n\n\t\t\t\t<a href='https:\/\/financiallawinstitute.ugent.be\/index.php\/mymember\/louis-de-meulemeester\/'>Louis De Meulemeester<\/a>\t\t\t\t<\/p>\n\t\t\t\t<a href=\"https:\/\/financiallawinstitute.ugent.be\/index.php\/publication\/schuldeisersbescherming-in-vennootschapsgroepen\/\" class=\"generalizedTitle smallerTitle\">\n\t\t\t\t\tSchuldeisersbescherming in vennootschapsgroepen\n\t\t\t\t<\/a>\n\t\t\t<\/div>\n\t\t<\/div>\n\t<\/div>\n<\/ul>\n<\/div>\n\n\n\n<div class=\"wp-block-column home-block-fli-3-copy is-layout-flow wp-block-column-is-layout-flow\">\n<h2 class=\"has-text-color wp-block-heading\" style=\"color:#1e64c8\">News<\/h2>\n\n\n<div class=\"display-posts-listing\"><div class=\"listing-item\"><a class=\"title\" href=\"https:\/\/financiallawinstitute.ugent.be\/index.php\/news\/31-maart-2026-ifr-dagen-financieel-consumentenrecht\/\">31 maart 2026 &#8211; IFR-dagen: Financieel consumentenrecht<\/a><\/div><div class=\"listing-item\"><a class=\"title\" href=\"https:\/\/financiallawinstitute.ugent.be\/index.php\/news\/4-december-doc-serie-vennootschaps-en-financieel-recht-recente-ifr-doctoraatsonderzoeken-toegelicht\/\">4 december &#8211; Doc-serie Vennootschaps- en Financieel Recht: recente IFR-doctoraatsonderzoeken toegelicht<\/a><\/div><div class=\"listing-item\"><a class=\"title\" href=\"https:\/\/financiallawinstitute.ugent.be\/index.php\/news\/nieuw-in-de-fli-reeks-ai-en-financiele-diensten\/\">Nieuw in de FLI-reeks: AI en financi\u00eble diensten<\/a><\/div><\/div>\n\n\n\n<p><\/p>\n<\/div>\n\n\n\n<div class=\"wp-block-column center-item-block is-layout-flow wp-block-column-is-layout-flow\">\n<figure class=\"wp-block-image size-full fli-image-block-1\"><img loading=\"lazy\" decoding=\"async\" width=\"2560\" height=\"1440\" src=\"https:\/\/financiallawinstitute.ugent.be\/wp-content\/uploads\/2021\/10\/Sfeerbeeld-FLI_2-scaled.jpg\" alt=\"\" class=\"wp-image-2913\" srcset=\"https:\/\/financiallawinstitute.ugent.be\/wp-content\/uploads\/2021\/10\/Sfeerbeeld-FLI_2-scaled.jpg 2560w, https:\/\/financiallawinstitute.ugent.be\/wp-content\/uploads\/2021\/10\/Sfeerbeeld-FLI_2-300x169.jpg 300w, https:\/\/financiallawinstitute.ugent.be\/wp-content\/uploads\/2021\/10\/Sfeerbeeld-FLI_2-1024x576.jpg 1024w, https:\/\/financiallawinstitute.ugent.be\/wp-content\/uploads\/2021\/10\/Sfeerbeeld-FLI_2-768x432.jpg 768w, https:\/\/financiallawinstitute.ugent.be\/wp-content\/uploads\/2021\/10\/Sfeerbeeld-FLI_2-1536x864.jpg 1536w, https:\/\/financiallawinstitute.ugent.be\/wp-content\/uploads\/2021\/10\/Sfeerbeeld-FLI_2-2048x1152.jpg 2048w\" sizes=\"auto, (max-width: 2560px) 100vw, 2560px\" \/><\/figure>\n\n\n\n<p><\/p>\n<\/div>\n<\/div>\n\n\n\n<hr class=\"wp-block-separator fli-sub-title-separator-bottom\"\/>\n\n\n\n<p><\/p>\n","protected":false},"excerpt":{"rendered":"<p>Latest Working Papers Latest FLI Notes Subscribe to our mailing list Follow the FLI on LinkedIn Latest Book Publication News<\/p>\n","protected":false},"author":3,"featured_media":0,"parent":0,"menu_order":0,"comment_status":"closed","ping_status":"closed","template":"fullwidth.php","meta":{"inline_featured_image":false,"footnotes":""},"class_list":["post-3467","page","type-page","status-publish","hentry"],"_links":{"self":[{"href":"https:\/\/financiallawinstitute.ugent.be\/index.php\/wp-json\/wp\/v2\/pages\/3467","targetHints":{"allow":["GET"]}}],"collection":[{"href":"https:\/\/financiallawinstitute.ugent.be\/index.php\/wp-json\/wp\/v2\/pages"}],"about":[{"href":"https:\/\/financiallawinstitute.ugent.be\/index.php\/wp-json\/wp\/v2\/types\/page"}],"author":[{"embeddable":true,"href":"https:\/\/financiallawinstitute.ugent.be\/index.php\/wp-json\/wp\/v2\/users\/3"}],"replies":[{"embeddable":true,"href":"https:\/\/financiallawinstitute.ugent.be\/index.php\/wp-json\/wp\/v2\/comments?post=3467"}],"version-history":[{"count":38,"href":"https:\/\/financiallawinstitute.ugent.be\/index.php\/wp-json\/wp\/v2\/pages\/3467\/revisions"}],"predecessor-version":[{"id":3637,"href":"https:\/\/financiallawinstitute.ugent.be\/index.php\/wp-json\/wp\/v2\/pages\/3467\/revisions\/3637"}],"wp:attachment":[{"href":"https:\/\/financiallawinstitute.ugent.be\/index.php\/wp-json\/wp\/v2\/media?parent=3467"}],"curies":[{"name":"wp","href":"https:\/\/api.w.org\/{rel}","templated":true}]}}